{"id":931,"date":"2023-12-27T09:40:30","date_gmt":"2023-12-27T09:40:30","guid":{"rendered":"https:\/\/promo-theme.com\/densmi\/?page_id=931"},"modified":"2023-12-27T09:40:30","modified_gmt":"2023-12-27T09:40:30","slug":"blog-2-col-sidebar","status":"publish","type":"page","link":"https:\/\/turistasorridente.it\/de\/blog-2-col-sidebar\/","title":{"rendered":"Blog &#8211; 2 Col + Sidebar"},"content":{"rendered":"<div data-elementor-type=\"wp-page\" data-elementor-id=\"931\" class=\"elementor elementor-931\" data-elementor-post-type=\"page\">\n\t\t\t\t<div class=\"elementor-element elementor-element-df0c0f5 e-con-full e-flex e-con e-parent\" data-id=\"df0c0f5\" data-element_type=\"container\" data-e-type=\"container\">\n\t\t<div class=\"elementor-element elementor-element-e5df110 e-flex e-con-boxed e-con e-child\" data-id=\"e5df110\" data-element_type=\"container\" data-e-type=\"container\" data-settings=\"{&quot;background_background&quot;:&quot;classic&quot;}\">\n\t\t\t\t\t<div class=\"e-con-inner\">\n\t\t\t\t<div class=\"elementor-element elementor-element-80f2fb7 elementor-widget elementor-widget-pt-heading\" data-id=\"80f2fb7\" data-element_type=\"widget\" data-e-type=\"widget\" data-widget_type=\"pt-heading.default\">\n\t\t\t\t<div class=\"elementor-widget-container\">\n\t\t\t\t\t\n\t\t<div class=\"pt-heading text-align-center\">\n\t\t\t\t\t\t\t<p class=\"pt-heading-subtitle\">blog<\/p>\n\t\t\t\n\t\t\t\t\t\t\t<h2 class=\"pt-heading-title h2\">\n\t\t\t\t\tComprehensive Dental Services<br \/>\nfor the Whole Family\t\t\t\t<\/h2>\n\t\t\t\t\t<\/div>\n\n\t\t\t\t\t\t<\/div>\n\t\t\t\t<\/div>\n\t\t\t\t\t<\/div>\n\t\t\t\t<\/div>\n\t\t\t\t<\/div>\n\t\t<div class=\"elementor-element elementor-element-723902f e-flex e-con-boxed e-con e-parent\" data-id=\"723902f\" data-element_type=\"container\" data-e-type=\"container\">\n\t\t\t\t\t<div class=\"e-con-inner\">\n\t\t<div class=\"elementor-element elementor-element-8778f08 e-con-full e-flex e-con e-child\" data-id=\"8778f08\" data-element_type=\"container\" data-e-type=\"container\">\n\t\t\t\t<div class=\"elementor-element elementor-element-7356c50 elementor-widget elementor-widget-sidebar\" data-id=\"7356c50\" data-element_type=\"widget\" data-e-type=\"widget\" data-widget_type=\"sidebar.default\">\n\t\t\t\t<div class=\"elementor-widget-container\">\n\t\t\t\t\t<div id=\"block-3\" class=\"widget widget_block\">\n<div class=\"wp-block-group\"><div class=\"wp-block-group__inner-container is-layout-flow wp-block-group-is-layout-flow\">\n<h2 class=\"wp-block-heading\">Neueste Artikel<\/h2>\n\n\n<ul class=\"wp-block-latest-posts__list wp-block-latest-posts\"><li><a class=\"wp-block-latest-posts__post-title\" href=\"https:\/\/turistasorridente.it\/de\/2026\/03\/05\/quanto-costa-un-impianto-dentale-nel-2026\/\">Quanto costa un impianto dentale nel 2026?<\/a><\/li>\n<li><a class=\"wp-block-latest-posts__post-title\" href=\"https:\/\/turistasorridente.it\/de\/2026\/01\/29\/hollywood-smile-non-e-solo-estetica-e-progettazione-del-sorriso\/\">Hollywood Smile: non \u00e8 solo estetica, \u00e8 progettazione del sorriso<\/a><\/li>\n<li><a class=\"wp-block-latest-posts__post-title\" href=\"https:\/\/turistasorridente.it\/de\/2026\/01\/29\/ortodonzia-invisibile-funziona-davvero-anche-per-gli-adulti\/\">Unsichtbare Zahnspangen: Funktionieren sie auch bei Erwachsenen?<\/a><\/li>\n<li><a class=\"wp-block-latest-posts__post-title\" href=\"https:\/\/turistasorridente.it\/de\/2026\/01\/20\/impianti-dentali-allestero-perche-sempre-piu-italiani-scelgono-lalbania-nel-2026\/\">Impianti dentali all\u2019estero: perch\u00e9 sempre pi\u00f9 italiani scelgono l\u2019Albania nel 2026<\/a><\/li>\n<li><a class=\"wp-block-latest-posts__post-title\" href=\"https:\/\/turistasorridente.it\/de\/2025\/10\/15\/estetica-dentale-in-albania-il-segreto-per-un-sorriso-hollywoodiano-senza-i-prezzi-di-hollywood\/\">Estetica dentale in Albania: Il segreto per un sorriso hollywoodiano\u2026 senza i prezzi di Hollywood!<\/a><\/li>\n<\/ul><\/div><\/div>\n<\/div><div id=\"block-7\" class=\"widget widget_block\">\n<div class=\"wp-block-group\"><div class=\"wp-block-group__inner-container is-layout-constrained wp-block-group-is-layout-constrained\">\n<h2 class=\"wp-block-heading\">Kategorien<\/h2>\n\n\n<ul class=\"wp-block-categories-list wp-block-categories\">\t<li class=\"cat-item cat-item-2\"><a href=\"https:\/\/turistasorridente.it\/de\/category\/cosmetic-dentistry\/\">Kosmetische Zahnmedizin<\/a><span>2<\/span>\n<\/li>\n\t<li class=\"cat-item cat-item-3\"><a href=\"https:\/\/turistasorridente.it\/de\/category\/general-dentistry\/\">Allgemeine Zahnmedizin<\/a><span>4<\/span>\n<\/li>\n\t<li class=\"cat-item cat-item-5\"><a href=\"https:\/\/turistasorridente.it\/de\/category\/oral-surgery\/\">Oral Surgery<\/a><span>1<\/span>\n<\/li>\n\t<li class=\"cat-item cat-item-6\"><a href=\"https:\/\/turistasorridente.it\/de\/category\/orthodontics\/\">Orthodontics<\/a><span>1<\/span>\n<\/li>\n\t<li class=\"cat-item cat-item-25\"><a href=\"https:\/\/turistasorridente.it\/de\/category\/salute-denti\/\">Zahngesundheit<\/a><span>11<\/span>\n<\/li>\n\t<li class=\"cat-item cat-item-36\"><a href=\"https:\/\/turistasorridente.it\/de\/category\/tecnologia-dentale\/\">Zahntechnologie<\/a><span>5<\/span>\n<\/li>\n\t<li class=\"cat-item cat-item-26\"><a href=\"https:\/\/turistasorridente.it\/de\/category\/trattamenti\/\">Behandlungen<\/a><span>8<\/span>\n<\/li>\n<\/ul><\/div><\/div>\n<\/div><div id=\"block-8\" class=\"widget widget_block\">\n<div class=\"wp-block-group\"><div class=\"wp-block-group__inner-container is-layout-constrained wp-block-group-is-layout-constrained\">\n<h2 class=\"wp-block-heading\">Tags<\/h2>\n\n\n<p class=\"wp-block-tag-cloud\"><a href=\"https:\/\/turistasorridente.it\/de\/tag\/bocca-sana\/\" class=\"tag-cloud-link tag-link-29 tag-link-position-1\" style=\"font-size: 8pt;\" aria-label=\"bocca sana (1\u00a0Eintrag)\">gesunder mund<\/a>\n<a href=\"https:\/\/turistasorridente.it\/de\/tag\/lestetica-del-sorriso\/\" class=\"tag-cloud-link tag-link-33 tag-link-position-2\" style=\"font-size: 8pt;\" aria-label=\"l\u2019estetica del sorriso (1\u00a0Eintrag)\">l\u2019estetica del sorriso<\/a>\n<a href=\"https:\/\/turistasorridente.it\/de\/tag\/malattie-gengivali\/\" class=\"tag-cloud-link tag-link-28 tag-link-position-3\" style=\"font-size: 8pt;\" aria-label=\"malattie gengivali (1\u00a0Eintrag)\">Zahnfleischerkrankungen<\/a>\n<a href=\"https:\/\/turistasorridente.it\/de\/tag\/riabilitazione-orale\/\" class=\"tag-cloud-link tag-link-31 tag-link-position-4\" style=\"font-size: 8pt;\" aria-label=\"Riabilitazione Orale (1\u00a0Eintrag)\">orale Rehabilitation<\/a>\n<a href=\"https:\/\/turistasorridente.it\/de\/tag\/salute-dentale\/\" class=\"tag-cloud-link tag-link-32 tag-link-position-5\" style=\"font-size: 8pt;\" aria-label=\"Salute Dentale (1\u00a0Eintrag)\">Zahngesundheit<\/a>\n<a href=\"https:\/\/turistasorridente.it\/de\/tag\/salute-orale\/\" class=\"tag-cloud-link tag-link-27 tag-link-position-6\" style=\"font-size: 8pt;\" aria-label=\"salute orale (1\u00a0Eintrag)\">Mundgesundheit<\/a>\n<a href=\"https:\/\/turistasorridente.it\/de\/tag\/trattamenti-di-conservazione\/\" class=\"tag-cloud-link tag-link-35 tag-link-position-7\" style=\"font-size: 8pt;\" aria-label=\"Trattamenti di Conservazione (1\u00a0Eintrag)\">Konservierende Behandlungen<\/a>\n<a href=\"https:\/\/turistasorridente.it\/de\/tag\/turista-sorridente\/\" class=\"tag-cloud-link tag-link-30 tag-link-position-8\" style=\"font-size: 8pt;\" aria-label=\"Turista Sorridente (1\u00a0Eintrag)\">Turista Sorridente<\/a>\n<a href=\"https:\/\/turistasorridente.it\/de\/tag\/valutazione-iniziale\/\" class=\"tag-cloud-link tag-link-34 tag-link-position-9\" style=\"font-size: 8pt;\" aria-label=\"Valutazione Iniziale (1\u00a0Eintrag)\">Erstbewertung<\/a><\/p><\/div><\/div>\n<\/div><div id=\"block-9\" class=\"widget widget_block\">\n<div class=\"wp-block-group\"><div class=\"wp-block-group__inner-container is-layout-constrained wp-block-group-is-layout-constrained\">\n<h2 class=\"wp-block-heading\">Kontaktinformationen<\/h2>\n\n\n\n<div style=\"display: flex; align-items: center; gap: 15px; margin-bottom: 16px;\">\n  <div style=\"flex: 0 0 auto;\"><i class=\"pticon pticon-location\" style=\"display: inline-flex; padding: 7px; border-radius: 50%; background-color: var(--pt-color-secondary); color: #fff; font-size: 18px;\"><\/i><\/div>\n  <div style=\"font-weight: 500;\">\n    <div style=\"font-size: 12px;\">Adresse<\/div>\n    <div>Panorama-Stra\u00dfe,Tirana 1057, Albanien.<\/div>\n  <\/div>\n<\/div>\n<div style=\"display: flex; align-items: center; gap: 15px; margin-bottom: 16px;\">\n  <div style=\"flex: 0 0 auto;\"><i class=\"pticon pticon-envelope\" style=\"display: inline-flex; padding: 7px; border-radius: 50%; background-color: var(--pt-color-secondary); color: #fff; font-size: 18px;\"><\/i><\/div>\n  <div style=\"font-weight: 500;\">\n    <div style=\"font-size: 12px;\">E-Mail<\/div>\n    <div>info@turistasorridente.it<\/div>\n  <\/div>\n<\/div>\n<div style=\"display: flex; align-items: center; gap: 15px;\">\n  <div style=\"flex: 0 0 auto;\"><i class=\"pticon pticon-phone\" style=\"display: inline-flex; padding: 7px; border-radius: 50%; background-color: var(--pt-color-secondary); color: #fff; font-size: 18px;\"><\/i><\/div>\n  <div style=\"font-weight: 500;\">\n    <div style=\"font-size: 12px;\">Cel<\/div>\n    <div>+355683682446<\/div>\n  <\/div>\n<\/div>\n<\/div><\/div>\n<\/div>\t\t\t\t<\/div>\n\t\t\t\t<\/div>\n\t\t\t\t<\/div>\n\t\t<div class=\"elementor-element elementor-element-3909cd7 e-con-full e-flex e-con e-child\" data-id=\"3909cd7\" data-element_type=\"container\" data-e-type=\"container\">\n\t\t\t\t<div class=\"elementor-element elementor-element-e044cc0 elementor-widget elementor-widget-pt-blog\" data-id=\"e044cc0\" data-element_type=\"widget\" data-e-type=\"widget\" data-settings=\"{&quot;cols_md&quot;:2,&quot;navigation&quot;:&quot;pagination&quot;,&quot;type&quot;:&quot;grid&quot;,&quot;arrows_position&quot;:&quot;default&quot;}\" data-widget_type=\"pt-blog.default\">\n\t\t\t\t<div class=\"elementor-widget-container\">\n\t\t\t\t\t\n\t\t\t\t\t<div class=\"blog-block filter-block\">\n\t\t\t\t\t\t\t\t<div class=\"blog-area blog-items row blog-type-grid\">\n\t\t\t\t\t<div class=\"grid-sizer col-1\"><\/div>\n\t\t\t\t\t\t\t<article class=\"blog-item istp-item col-md-6  category-3 category-5\">\n\t\t\t<div class=\"wrap\">\n\t\t\t\t\n\t\t<div class=\"entry-thumb\">\n\t\t\t<a href=\"https:\/\/turistasorridente.it\/de\/2026\/03\/05\/quanto-costa-un-impianto-dentale-nel-2026\/\">\n\t\t\t\t<img fetchpriority=\"high\" decoding=\"async\" width=\"1024\" height=\"576\" src=\"https:\/\/turistasorridente.it\/wp-content\/uploads\/2026\/03\/web_blog4.jpg-1024x576.jpeg\" class=\"attachment-large size-large\" alt=\"\" srcset=\"https:\/\/turistasorridente.it\/wp-content\/uploads\/2026\/03\/web_blog4.jpg-1024x576.jpeg 1024w, https:\/\/turistasorridente.it\/wp-content\/uploads\/2026\/03\/web_blog4.jpg-300x169.jpeg 300w, https:\/\/turistasorridente.it\/wp-content\/uploads\/2026\/03\/web_blog4.jpg-768x432.jpeg 768w, https:\/\/turistasorridente.it\/wp-content\/uploads\/2026\/03\/web_blog4.jpg-1536x863.jpeg 1536w, https:\/\/turistasorridente.it\/wp-content\/uploads\/2026\/03\/web_blog4.jpg-18x10.jpeg 18w, https:\/\/turistasorridente.it\/wp-content\/uploads\/2026\/03\/web_blog4.jpg.jpeg 1875w\" sizes=\"(max-width: 1024px) 100vw, 1024px\" \/>\t\t\t<\/a>\n\t\t<\/div>\n\n\t\t\n\t\t\t\t<div class=\"entry-caption\">\n\t\t\t\t\t<div class=\"entry-meta\">\n\t\t\t\t\t\t\t\t<div class=\"entry-date\">M\u00e4rz 5, 2026<\/div>\n\t\t\t\t\t\t\t\t\t\t<div class=\"entry-author name\">admin<\/div>\n\t\t\t\t\t\t\t<\/div>\n\n\t\t\t\t\t\t\t<h2 class=\"entry-title h4\">\n\t\t\t<a href=\"https:\/\/turistasorridente.it\/de\/2026\/03\/05\/quanto-costa-un-impianto-dentale-nel-2026\/\">Quanto costa un impianto dentale nel 2026?<\/a>\n\t\t<\/h2>\n\t\t\t\t\t\t\t\t\t<div class=\"entry-excerpt\">\n\t\t\t\nQuando si cerca online \u201cquanto costa un impianto dentale\u201d, la risposta che si desidera \u00e8 semplice: un numero chiaro.In realt\u00e0, il costo ...\t\t<\/div>\n\t\t\t\t\t\t\t\t\t<div class=\"entry-more\">\n\t\t\t<a href=\"https:\/\/turistasorridente.it\/de\/2026\/03\/05\/quanto-costa-un-impianto-dentale-nel-2026\/\" class=\"pt-button textual\">\n\t\t\t\t<span>Read More<\/span>\n\t\t\t\t<i class=\"pticon-arrow-right\"><\/i>\n\t\t\t<\/a>\n\t\t<\/div>\n\t\t\t\t\t\t<\/div>\n\t\t\t<\/div>\n\t\t<\/article>\n\t\t\t\t<article class=\"blog-item istp-item col-md-6  category-2\">\n\t\t\t<div class=\"wrap\">\n\t\t\t\t\n\t\t<div class=\"entry-thumb\">\n\t\t\t<a href=\"https:\/\/turistasorridente.it\/de\/2026\/01\/29\/hollywood-smile-non-e-solo-estetica-e-progettazione-del-sorriso\/\">\n\t\t\t\t<img decoding=\"async\" width=\"900\" height=\"506\" src=\"https:\/\/turistasorridente.it\/wp-content\/uploads\/2026\/01\/Turista-Sorridente-Blog-hollywood-smile.jpg.jpeg\" class=\"attachment-large size-large\" alt=\"\" srcset=\"https:\/\/turistasorridente.it\/wp-content\/uploads\/2026\/01\/Turista-Sorridente-Blog-hollywood-smile.jpg.jpeg 900w, https:\/\/turistasorridente.it\/wp-content\/uploads\/2026\/01\/Turista-Sorridente-Blog-hollywood-smile.jpg-300x169.jpeg 300w, https:\/\/turistasorridente.it\/wp-content\/uploads\/2026\/01\/Turista-Sorridente-Blog-hollywood-smile.jpg-768x432.jpeg 768w, https:\/\/turistasorridente.it\/wp-content\/uploads\/2026\/01\/Turista-Sorridente-Blog-hollywood-smile.jpg-18x10.jpeg 18w\" sizes=\"(max-width: 900px) 100vw, 900px\" \/>\t\t\t<\/a>\n\t\t<\/div>\n\n\t\t\n\t\t\t\t<div class=\"entry-caption\">\n\t\t\t\t\t<div class=\"entry-meta\">\n\t\t\t\t\t\t\t\t<div class=\"entry-date\">Januar 29, 2026<\/div>\n\t\t\t\t\t\t\t\t\t\t<div class=\"entry-author name\">admin<\/div>\n\t\t\t\t\t\t\t<\/div>\n\n\t\t\t\t\t\t\t<h2 class=\"entry-title h4\">\n\t\t\t<a href=\"https:\/\/turistasorridente.it\/de\/2026\/01\/29\/hollywood-smile-non-e-solo-estetica-e-progettazione-del-sorriso\/\">Hollywood Smile: non \u00e8 solo estetica, \u00e8 progettazione del sorriso<\/a>\n\t\t<\/h2>\n\t\t\t\t\t\t\t\t\t<div class=\"entry-excerpt\">\n\t\t\t\nNegli ultimi anni il termine \u201cHollywood Smile\u201d \u00e8 diventato sempre pi\u00f9 popolare. Spesso associato a sorrisi bianchi e perfetti, viene per...\t\t<\/div>\n\t\t\t\t\t\t\t\t\t<div class=\"entry-more\">\n\t\t\t<a href=\"https:\/\/turistasorridente.it\/de\/2026\/01\/29\/hollywood-smile-non-e-solo-estetica-e-progettazione-del-sorriso\/\" class=\"pt-button textual\">\n\t\t\t\t<span>Read More<\/span>\n\t\t\t\t<i class=\"pticon-arrow-right\"><\/i>\n\t\t\t<\/a>\n\t\t<\/div>\n\t\t\t\t\t\t<\/div>\n\t\t\t<\/div>\n\t\t<\/article>\n\t\t\t\t<article class=\"blog-item istp-item col-md-6  category-6\">\n\t\t\t<div class=\"wrap\">\n\t\t\t\t\n\t\t<div class=\"entry-thumb\">\n\t\t\t<a href=\"https:\/\/turistasorridente.it\/de\/2026\/01\/29\/ortodonzia-invisibile-funziona-davvero-anche-per-gli-adulti\/\">\n\t\t\t\t<img decoding=\"async\" width=\"900\" height=\"506\" src=\"https:\/\/turistasorridente.it\/wp-content\/uploads\/2026\/01\/Turista-Sorridente-Blog-ortodonzia-invisibile.jpg.jpeg\" class=\"attachment-large size-large\" alt=\"\" srcset=\"https:\/\/turistasorridente.it\/wp-content\/uploads\/2026\/01\/Turista-Sorridente-Blog-ortodonzia-invisibile.jpg.jpeg 900w, https:\/\/turistasorridente.it\/wp-content\/uploads\/2026\/01\/Turista-Sorridente-Blog-ortodonzia-invisibile.jpg-300x169.jpeg 300w, https:\/\/turistasorridente.it\/wp-content\/uploads\/2026\/01\/Turista-Sorridente-Blog-ortodonzia-invisibile.jpg-768x432.jpeg 768w, https:\/\/turistasorridente.it\/wp-content\/uploads\/2026\/01\/Turista-Sorridente-Blog-ortodonzia-invisibile.jpg-18x10.jpeg 18w\" sizes=\"(max-width: 900px) 100vw, 900px\" \/>\t\t\t<\/a>\n\t\t<\/div>\n\n\t\t\n\t\t\t\t<div class=\"entry-caption\">\n\t\t\t\t\t<div class=\"entry-meta\">\n\t\t\t\t\t\t\t\t<div class=\"entry-date\">Januar 29, 2026<\/div>\n\t\t\t\t\t\t\t\t\t\t<div class=\"entry-author name\">admin<\/div>\n\t\t\t\t\t\t\t<\/div>\n\n\t\t\t\t\t\t\t<h2 class=\"entry-title h4\">\n\t\t\t<a href=\"https:\/\/turistasorridente.it\/de\/2026\/01\/29\/ortodonzia-invisibile-funziona-davvero-anche-per-gli-adulti\/\">Unsichtbare Zahnspangen: Funktionieren sie auch bei Erwachsenen?<\/a>\n\t\t<\/h2>\n\t\t\t\t\t\t\t\t\t<div class=\"entry-excerpt\">\n\t\t\t\nPer molto tempo l\u2019ortodonzia \u00e8 stata considerata un trattamento riservato agli adolescenti. Oggi questa visione \u00e8 superata. Sempre pi\u00f9 a...\t\t<\/div>\n\t\t\t\t\t\t\t\t\t<div class=\"entry-more\">\n\t\t\t<a href=\"https:\/\/turistasorridente.it\/de\/2026\/01\/29\/ortodonzia-invisibile-funziona-davvero-anche-per-gli-adulti\/\" class=\"pt-button textual\">\n\t\t\t\t<span>Read More<\/span>\n\t\t\t\t<i class=\"pticon-arrow-right\"><\/i>\n\t\t\t<\/a>\n\t\t<\/div>\n\t\t\t\t\t\t<\/div>\n\t\t\t<\/div>\n\t\t<\/article>\n\t\t\t\t<article class=\"blog-item istp-item col-md-6  category-25\">\n\t\t\t<div class=\"wrap\">\n\t\t\t\t\n\t\t<div class=\"entry-thumb\">\n\t\t\t<a href=\"https:\/\/turistasorridente.it\/de\/2026\/01\/20\/impianti-dentali-allestero-perche-sempre-piu-italiani-scelgono-lalbania-nel-2026\/\">\n\t\t\t\t<img loading=\"lazy\" decoding=\"async\" width=\"1024\" height=\"579\" src=\"https:\/\/turistasorridente.it\/wp-content\/uploads\/2026\/01\/blogpost-web-1024x579.jpg\" class=\"attachment-large size-large\" alt=\"\" srcset=\"https:\/\/turistasorridente.it\/wp-content\/uploads\/2026\/01\/blogpost-web-1024x579.jpg 1024w, https:\/\/turistasorridente.it\/wp-content\/uploads\/2026\/01\/blogpost-web-300x170.jpg 300w, https:\/\/turistasorridente.it\/wp-content\/uploads\/2026\/01\/blogpost-web-768x434.jpg 768w, https:\/\/turistasorridente.it\/wp-content\/uploads\/2026\/01\/blogpost-web-1536x868.jpg 1536w, https:\/\/turistasorridente.it\/wp-content\/uploads\/2026\/01\/blogpost-web-2048x1158.jpg 2048w, https:\/\/turistasorridente.it\/wp-content\/uploads\/2026\/01\/blogpost-web-18x10.jpg 18w\" sizes=\"(max-width: 1024px) 100vw, 1024px\" \/>\t\t\t<\/a>\n\t\t<\/div>\n\n\t\t\n\t\t\t\t<div class=\"entry-caption\">\n\t\t\t\t\t<div class=\"entry-meta\">\n\t\t\t\t\t\t\t\t<div class=\"entry-date\">Januar 20, 2026<\/div>\n\t\t\t\t\t\t\t\t\t\t<div class=\"entry-author name\">admin<\/div>\n\t\t\t\t\t\t\t<\/div>\n\n\t\t\t\t\t\t\t<h2 class=\"entry-title h4\">\n\t\t\t<a href=\"https:\/\/turistasorridente.it\/de\/2026\/01\/20\/impianti-dentali-allestero-perche-sempre-piu-italiani-scelgono-lalbania-nel-2026\/\">Impianti dentali all\u2019estero: perch\u00e9 sempre pi\u00f9 italiani scelgono l\u2019Albania nel 2026<\/a>\n\t\t<\/h2>\n\t\t\t\t\t\t\t\t\t<div class=\"entry-excerpt\">\n\t\t\t\nNegli ultimi anni, la domanda di trattamenti odontoiatrici all\u2019estero \u00e8 cresciuta in modo costante. In particolare, sempre pi\u00f9 pazienti ...\t\t<\/div>\n\t\t\t\t\t\t\t\t\t<div class=\"entry-more\">\n\t\t\t<a href=\"https:\/\/turistasorridente.it\/de\/2026\/01\/20\/impianti-dentali-allestero-perche-sempre-piu-italiani-scelgono-lalbania-nel-2026\/\" class=\"pt-button textual\">\n\t\t\t\t<span>Read More<\/span>\n\t\t\t\t<i class=\"pticon-arrow-right\"><\/i>\n\t\t\t<\/a>\n\t\t<\/div>\n\t\t\t\t\t\t<\/div>\n\t\t\t<\/div>\n\t\t<\/article>\n\t\t\t\t<article class=\"blog-item istp-item col-md-6  category-2\">\n\t\t\t<div class=\"wrap\">\n\t\t\t\t\n\t\t<div class=\"entry-thumb\">\n\t\t\t<a href=\"https:\/\/turistasorridente.it\/de\/2025\/10\/15\/estetica-dentale-in-albania-il-segreto-per-un-sorriso-hollywoodiano-senza-i-prezzi-di-hollywood\/\">\n\t\t\t\t<img loading=\"lazy\" decoding=\"async\" width=\"900\" height=\"500\" src=\"https:\/\/turistasorridente.it\/wp-content\/uploads\/2025\/10\/TS-BLOG-HS-1.jpg\" class=\"attachment-large size-large\" alt=\"\" srcset=\"https:\/\/turistasorridente.it\/wp-content\/uploads\/2025\/10\/TS-BLOG-HS-1.jpg 900w, https:\/\/turistasorridente.it\/wp-content\/uploads\/2025\/10\/TS-BLOG-HS-1-300x167.jpg 300w, https:\/\/turistasorridente.it\/wp-content\/uploads\/2025\/10\/TS-BLOG-HS-1-768x427.jpg 768w, https:\/\/turistasorridente.it\/wp-content\/uploads\/2025\/10\/TS-BLOG-HS-1-18x10.jpg 18w\" sizes=\"(max-width: 900px) 100vw, 900px\" \/>\t\t\t<\/a>\n\t\t<\/div>\n\n\t\t\n\t\t\t\t<div class=\"entry-caption\">\n\t\t\t\t\t<div class=\"entry-meta\">\n\t\t\t\t\t\t\t\t<div class=\"entry-date\">Oktober 15, 2025<\/div>\n\t\t\t\t\t\t\t\t\t\t<div class=\"entry-author name\">admin<\/div>\n\t\t\t\t\t\t\t<\/div>\n\n\t\t\t\t\t\t\t<h2 class=\"entry-title h4\">\n\t\t\t<a href=\"https:\/\/turistasorridente.it\/de\/2025\/10\/15\/estetica-dentale-in-albania-il-segreto-per-un-sorriso-hollywoodiano-senza-i-prezzi-di-hollywood\/\">Estetica dentale in Albania: Il segreto per un sorriso hollywoodiano\u2026 senza i prezzi di Hollywood!<\/a>\n\t\t<\/h2>\n\t\t\t\t\t\t\t\t\t<div class=\"entry-excerpt\">\n\t\t\t\n\n\n\n\nIl termine \u201cHollywood Smile\u201d non \u00e8 solo una moda o una frase ad effetto \u2013 \u00e8 diventato un simbolo culturale, una dichiarazione di bel...\t\t<\/div>\n\t\t\t\t\t\t\t\t\t<div class=\"entry-more\">\n\t\t\t<a href=\"https:\/\/turistasorridente.it\/de\/2025\/10\/15\/estetica-dentale-in-albania-il-segreto-per-un-sorriso-hollywoodiano-senza-i-prezzi-di-hollywood\/\" class=\"pt-button textual\">\n\t\t\t\t<span>Read More<\/span>\n\t\t\t\t<i class=\"pticon-arrow-right\"><\/i>\n\t\t\t<\/a>\n\t\t<\/div>\n\t\t\t\t\t\t<\/div>\n\t\t\t<\/div>\n\t\t<\/article>\n\t\t\t\t<article class=\"blog-item istp-item col-md-6  category-3 category-36\">\n\t\t\t<div class=\"wrap\">\n\t\t\t\t\n\t\t<div class=\"entry-thumb\">\n\t\t\t<a href=\"https:\/\/turistasorridente.it\/de\/2025\/10\/15\/come-pianificare-il-tuo-viaggio-per-un-nuovo-sorriso-in-albania-consigli-pratici-dai-professionisti\/\">\n\t\t\t\t<img loading=\"lazy\" decoding=\"async\" width=\"900\" height=\"500\" src=\"https:\/\/turistasorridente.it\/wp-content\/uploads\/2025\/10\/TS-BLOG.jpg\" class=\"attachment-large size-large\" alt=\"\" srcset=\"https:\/\/turistasorridente.it\/wp-content\/uploads\/2025\/10\/TS-BLOG.jpg 900w, https:\/\/turistasorridente.it\/wp-content\/uploads\/2025\/10\/TS-BLOG-300x167.jpg 300w, https:\/\/turistasorridente.it\/wp-content\/uploads\/2025\/10\/TS-BLOG-768x427.jpg 768w, https:\/\/turistasorridente.it\/wp-content\/uploads\/2025\/10\/TS-BLOG-18x10.jpg 18w\" sizes=\"(max-width: 900px) 100vw, 900px\" \/>\t\t\t<\/a>\n\t\t<\/div>\n\n\t\t\n\t\t\t\t<div class=\"entry-caption\">\n\t\t\t\t\t<div class=\"entry-meta\">\n\t\t\t\t\t\t\t\t<div class=\"entry-date\">Oktober 15, 2025<\/div>\n\t\t\t\t\t\t\t\t\t\t<div class=\"entry-author name\">admin<\/div>\n\t\t\t\t\t\t\t<\/div>\n\n\t\t\t\t\t\t\t<h2 class=\"entry-title h4\">\n\t\t\t<a href=\"https:\/\/turistasorridente.it\/de\/2025\/10\/15\/come-pianificare-il-tuo-viaggio-per-un-nuovo-sorriso-in-albania-consigli-pratici-dai-professionisti\/\">So planen Sie Ihre Reise f\u00fcr ein neues L\u00e4cheln in Albanien: praktische Tipps von Fachleuten<\/a>\n\t\t<\/h2>\n\t\t\t\t\t\t\t\t\t<div class=\"entry-excerpt\">\n\t\t\t\nSe stai pensando di migliorare il tuo sorriso approfittando di una vacanza in un Paese accogliente e conveniente, l\u2019Albania \u00e8 la destina...\t\t<\/div>\n\t\t\t\t\t\t\t\t\t<div class=\"entry-more\">\n\t\t\t<a href=\"https:\/\/turistasorridente.it\/de\/2025\/10\/15\/come-pianificare-il-tuo-viaggio-per-un-nuovo-sorriso-in-albania-consigli-pratici-dai-professionisti\/\" class=\"pt-button textual\">\n\t\t\t\t<span>Read More<\/span>\n\t\t\t\t<i class=\"pticon-arrow-right\"><\/i>\n\t\t\t<\/a>\n\t\t<\/div>\n\t\t\t\t\t\t<\/div>\n\t\t\t<\/div>\n\t\t<\/article>\n\t\t\t\t\t\t<\/div>\n\t\t\t\t<div class=\"pagination\"><ul class='page-numbers'>\n\t<li><span aria-current=\"page\" class=\"page-numbers current\">1<\/span><\/li>\n\t<li><a class=\"page-numbers\" href=\"https:\/\/turistasorridente.it\/de\/wp-json\/wp\/v2\/pages\/931\/page\/2\/\">2<\/a><\/li>\n\t<li><a class=\"page-numbers\" href=\"https:\/\/turistasorridente.it\/de\/wp-json\/wp\/v2\/pages\/931\/page\/3\/\">3<\/a><\/li>\n\t<li><a class=\"page-numbers\" href=\"https:\/\/turistasorridente.it\/de\/wp-json\/wp\/v2\/pages\/931\/page\/4\/\">4<\/a><\/li>\n\t<li><a class=\"page-numbers\" href=\"https:\/\/turistasorridente.it\/de\/wp-json\/wp\/v2\/pages\/931\/page\/5\/\">5<\/a><\/li>\n\t<li><a class=\"next page-numbers\" href=\"https:\/\/turistasorridente.it\/de\/wp-json\/wp\/v2\/pages\/931\/page\/2\/\"><span class=\"pagination-next\"><\/span><\/a><\/li>\n<\/ul>\n<\/div>\t\t\t<\/div>\n\t\t\n\t\t\t\t\t\t<\/div>\n\t\t\t\t<\/div>\n\t\t\t\t<\/div>\n\t\t\t\t\t<\/div>\n\t\t\t\t<\/div>\n\t\t\t\t<\/div>","protected":false},"excerpt":{"rendered":"<p>blog Comprehensive Dental Services for the Whole Family December 13, 2023 admin 10 Common Dental Problems and How to Prevent Them At our clinic,&#8230;<\/p>","protected":false},"author":1,"featured_media":0,"parent":0,"menu_order":0,"comment_status":"closed","ping_status":"closed","template":"","meta":{"_acf_changed":false,"footnotes":""},"class_list":["post-931","page","type-page","status-publish","hentry"],"acf":[],"_links":{"self":[{"href":"https:\/\/turistasorridente.it\/de\/wp-json\/wp\/v2\/pages\/931","targetHints":{"allow":["GET"]}}],"collection":[{"href":"https:\/\/turistasorridente.it\/de\/wp-json\/wp\/v2\/pages"}],"about":[{"href":"https:\/\/turistasorridente.it\/de\/wp-json\/wp\/v2\/types\/page"}],"author":[{"embeddable":true,"href":"https:\/\/turistasorridente.it\/de\/wp-json\/wp\/v2\/users\/1"}],"replies":[{"embeddable":true,"href":"https:\/\/turistasorridente.it\/de\/wp-json\/wp\/v2\/comments?post=931"}],"version-history":[{"count":1,"href":"https:\/\/turistasorridente.it\/de\/wp-json\/wp\/v2\/pages\/931\/revisions"}],"predecessor-version":[{"id":2872,"href":"https:\/\/turistasorridente.it\/de\/wp-json\/wp\/v2\/pages\/931\/revisions\/2872"}],"wp:attachment":[{"href":"https:\/\/turistasorridente.it\/de\/wp-json\/wp\/v2\/media?parent=931"}],"curies":[{"name":"wp","href":"https:\/\/api.w.org\/{rel}","templated":true}]}}