{"id":4151,"date":"2025-12-12T17:32:39","date_gmt":"2025-12-12T17:32:39","guid":{"rendered":"https:\/\/turistasorridente.it\/?page_id=4151"},"modified":"2025-12-23T10:54:12","modified_gmt":"2025-12-23T10:54:12","slug":"terapia-con-cellule-staminali-per-i-capelli","status":"publish","type":"page","link":"https:\/\/turistasorridente.it\/de\/terapia-con-cellule-staminali-per-i-capelli\/","title":{"rendered":"STAMMZELLTHERAPIE F\u00dcR DAS HAAR"},"content":{"rendered":"<div data-elementor-type=\"wp-page\" data-elementor-id=\"4151\" class=\"elementor elementor-4151\" data-elementor-post-type=\"page\">\n\t\t\t\t<div class=\"elementor-element elementor-element-378797d e-con-full e-flex elementor-invisible e-con e-parent\" data-id=\"378797d\" data-element_type=\"container\" data-e-type=\"container\" data-settings=\"{&quot;animation&quot;:&quot;fadeInUp&quot;}\">\n\t\t<div class=\"elementor-element elementor-element-12c1b30 e-flex e-con-boxed e-con e-child\" data-id=\"12c1b30\" data-element_type=\"container\" data-e-type=\"container\" data-settings=\"{&quot;background_background&quot;:&quot;classic&quot;}\">\n\t\t\t\t\t<div class=\"e-con-inner\">\n\t\t\t\t<div class=\"elementor-element elementor-element-15f0d86 elementor-widget__width-initial elementor-widget elementor-widget-pt-heading\" data-id=\"15f0d86\" data-element_type=\"widget\" data-e-type=\"widget\" data-widget_type=\"pt-heading.default\">\n\t\t\t\t<div class=\"elementor-widget-container\">\n\t\t\t\t\t\n\t\t<div class=\"pt-heading text-align-center\">\n\t\t\t\n\t\t\t\t\t\t\t<h1 class=\"pt-heading-title h1\">\n\t\t\t\t\tSTAMMZELLTHERAPIE F\u00dcR DAS HAAR\t\t\t\t<\/h1>\n\t\t\t\t\t<\/div>\n\n\t\t\t\t\t\t<\/div>\n\t\t\t\t<\/div>\n\t\t\t\t\t<\/div>\n\t\t\t\t<\/div>\n\t\t\t\t<\/div>\n\t\t<div class=\"elementor-element elementor-element-db98bf9 e-flex e-con-boxed e-con e-parent\" data-id=\"db98bf9\" data-element_type=\"container\" data-e-type=\"container\">\n\t\t\t\t\t<div class=\"e-con-inner\">\n\t\t<div class=\"elementor-element elementor-element-58a3c90 e-con-full e-flex elementor-invisible e-con e-child\" data-id=\"58a3c90\" data-element_type=\"container\" data-e-type=\"container\" data-settings=\"{&quot;animation&quot;:&quot;fadeInRight&quot;}\">\n\t\t\t\t<div class=\"elementor-element elementor-element-8ad1bc1 elementor-widget elementor-widget-image\" data-id=\"8ad1bc1\" data-element_type=\"widget\" data-e-type=\"widget\" data-widget_type=\"image.default\">\n\t\t\t\t<div class=\"elementor-widget-container\">\n\t\t\t\t\t\t\t\t\t\t\t\t\t\t\t<img fetchpriority=\"high\" decoding=\"async\" width=\"1225\" height=\"721\" src=\"https:\/\/turistasorridente.it\/wp-content\/uploads\/2025\/12\/staminale-madhe.png\" class=\"attachment-full size-full wp-image-4187\" alt=\"\" srcset=\"https:\/\/turistasorridente.it\/wp-content\/uploads\/2025\/12\/staminale-madhe.png 1225w, https:\/\/turistasorridente.it\/wp-content\/uploads\/2025\/12\/staminale-madhe-300x177.png 300w, https:\/\/turistasorridente.it\/wp-content\/uploads\/2025\/12\/staminale-madhe-1024x603.png 1024w, https:\/\/turistasorridente.it\/wp-content\/uploads\/2025\/12\/staminale-madhe-768x452.png 768w, https:\/\/turistasorridente.it\/wp-content\/uploads\/2025\/12\/staminale-madhe-18x12.png 18w\" sizes=\"(max-width: 1225px) 100vw, 1225px\" \/>\t\t\t\t\t\t\t\t\t\t\t\t\t\t\t<\/div>\n\t\t\t\t<\/div>\n\t\t\t\t<div class=\"elementor-element elementor-element-e12f026 elementor-widget elementor-widget-pt-heading\" data-id=\"e12f026\" data-element_type=\"widget\" data-e-type=\"widget\" data-widget_type=\"pt-heading.default\">\n\t\t\t\t<div class=\"elementor-widget-container\">\n\t\t\t\t\t\n\t\t<div class=\"pt-heading text-align-left\">\n\t\t\t\n\t\t\t\t\t\t\t<h3 class=\"pt-heading-title h3\">\n\t\t\t\t\tSTAMMZELLTHERAPIE F\u00dcR DAS HAAR\t\t\t\t<\/h3>\n\t\t\t\t\t<\/div>\n\n\t\t\t\t\t\t<\/div>\n\t\t\t\t<\/div>\n\t\t\t\t<div class=\"elementor-element elementor-element-6cf9120 elementor-widget elementor-widget-text-editor\" data-id=\"6cf9120\" data-element_type=\"widget\" data-e-type=\"widget\" data-widget_type=\"text-editor.default\">\n\t\t\t\t<div class=\"elementor-widget-container\">\n\t\t\t\t\t\t\t\t\t<p data-start=\"272\" data-end=\"630\" class=\"translation-block\">Die <strong data-start=\"\u201e275\u201c\" data-end=\"\u201e308\u201c\">Stammzelltherapie<\/strong> ist eine der innovativsten und fortschrittlichsten L\u00f6sungen zur Behandlung von Haarausfall und Haarausd\u00fcnnung. Es handelt sich um eine regenerative Behandlung der neuen Generation, die darauf abzielt, die Haarfollikel zu reaktivieren, die Qualit\u00e4t der Kopfhaut zu verbessern und ein kr\u00e4ftigeres und l\u00e4nger anhaltendes Haarwachstum zu f\u00f6rdern.<\/p><p data-start=\"632\" data-end=\"833\" class=\"translation-block\">Bei <strong data-start=\"\u201e639\u201c\" data-end=\"\u201e666\u201c\">Turista Sorridente Hair<\/strong> wird diese Behandlung in personalisierte Protokolle f\u00fcr M\u00e4nner und Frauen integriert, die eine wirksame, nicht-chirurgische und wissenschaftlich fortschrittliche L\u00f6sung w\u00fcnschen.<\/p><h3 data-start=\"840\" data-end=\"888\"><strong data-start=\"846\" data-end=\"888\">Cos\u2019\u00e8 la terapia con cellule staminali<\/strong><\/h3><p data-start=\"890\" data-end=\"1191\" class=\"translation-block\">Stammzellen sind Zellen mit hoher Regenerationsf\u00e4higkeit. <br data-start=\"\u201e958\u201c\" data-end=\"\u201e961\u201c\">In der Haarbehandlung werden <strong data-start=\"\u201a1008\u2018\" data-end=\"\u201e1052\u201c\">Zellderivate und Wachstumsfaktoren<\/strong> verwendet, die durch fortschrittliche biotechnologische Verfahren gewonnen werden und die nat\u00fcrlichen Regenerationsmechanismen der Haarfollikel stimulieren k\u00f6nnen.<\/p><p data-start=\"1193\" data-end=\"1271\">Questa terapia agisce direttamente sull\u2019ambiente del follicolo, migliorandone:<\/p><ul data-start=\"1272\" data-end=\"1356\"><li data-start=\"1272\" data-end=\"1284\"><p data-start=\"1274\" data-end=\"1284\">Vitalit\u00e0<\/p><\/li><li data-start=\"1285\" data-end=\"1299\"><p data-start=\"1287\" data-end=\"1299\">Ern\u00e4hrung<\/p><\/li><li data-start=\"1300\" data-end=\"1356\"><p data-start=\"1302\" data-end=\"1356\">Capacit\u00e0 di produrre capelli pi\u00f9 spessi e resistenti<\/p><\/li><\/ul><h3 data-start=\"1363\" data-end=\"1397\"><strong data-start=\"1369\" data-end=\"1397\">Wie funktioniert die Therapie?<\/strong><\/h3><p data-start=\"1399\" data-end=\"1472\">Die Stammzelltherapie stimuliert die Haarfollikel durch:<\/p><p data-start=\"1474\" data-end=\"1750\">\u2714 Riattivazione dei follicoli indeboliti o inattivi<br data-start=\"1525\" data-end=\"1528\" \/>\u2714 Miglioramento della microcircolazione del cuoio capelluto<br data-start=\"1587\" data-end=\"1590\" \/>\u2714 Riduzione dell\u2019infiammazione<br data-start=\"1620\" data-end=\"1623\" \/>\u2714 Prolungamento della fase di crescita del capello (fase anagen)<br data-start=\"1687\" data-end=\"1690\" \/>\u2714 Miglioramento della qualit\u00e0 e dello spessore del capello<\/p><p data-start=\"1752\" data-end=\"1830\">Il risultato \u00e8 un ambiente follicolare pi\u00f9 sano e predisposto alla ricrescita.<\/p>\t\t\t\t\t\t\t\t<\/div>\n\t\t\t\t<\/div>\n\t\t<div class=\"elementor-element elementor-element-1e4bd52 e-con-full e-flex e-con e-child\" data-id=\"1e4bd52\" data-element_type=\"container\" data-e-type=\"container\">\n\t\t<div class=\"elementor-element elementor-element-e1e8432 e-con-full e-flex e-con e-child\" data-id=\"e1e8432\" data-element_type=\"container\" data-e-type=\"container\">\n\t\t\t\t<div class=\"elementor-element elementor-element-4ea0256 elementor-widget elementor-widget-image\" data-id=\"4ea0256\" data-element_type=\"widget\" data-e-type=\"widget\" data-widget_type=\"image.default\">\n\t\t\t\t<div class=\"elementor-widget-container\">\n\t\t\t\t\t\t\t\t\t\t\t\t\t\t\t<img decoding=\"async\" width=\"603\" height=\"462\" src=\"https:\/\/turistasorridente.it\/wp-content\/uploads\/2025\/12\/staminale-vogel-2.png\" class=\"attachment-full size-full wp-image-4186\" alt=\"\" srcset=\"https:\/\/turistasorridente.it\/wp-content\/uploads\/2025\/12\/staminale-vogel-2.png 603w, https:\/\/turistasorridente.it\/wp-content\/uploads\/2025\/12\/staminale-vogel-2-300x230.png 300w, https:\/\/turistasorridente.it\/wp-content\/uploads\/2025\/12\/staminale-vogel-2-16x12.png 16w\" sizes=\"(max-width: 603px) 100vw, 603px\" \/>\t\t\t\t\t\t\t\t\t\t\t\t\t\t\t<\/div>\n\t\t\t\t<\/div>\n\t\t\t\t<\/div>\n\t\t<div class=\"elementor-element elementor-element-8d1ef84 e-con-full e-flex e-con e-child\" data-id=\"8d1ef84\" data-element_type=\"container\" data-e-type=\"container\">\n\t\t\t\t<div class=\"elementor-element elementor-element-e202d04 elementor-widget elementor-widget-image\" data-id=\"e202d04\" data-element_type=\"widget\" data-e-type=\"widget\" data-widget_type=\"image.default\">\n\t\t\t\t<div class=\"elementor-widget-container\">\n\t\t\t\t\t\t\t\t\t\t\t\t\t\t\t<img decoding=\"async\" width=\"603\" height=\"462\" src=\"https:\/\/turistasorridente.it\/wp-content\/uploads\/2025\/12\/staminale-vogel-1.png\" class=\"attachment-full size-full wp-image-4188\" alt=\"\" srcset=\"https:\/\/turistasorridente.it\/wp-content\/uploads\/2025\/12\/staminale-vogel-1.png 603w, https:\/\/turistasorridente.it\/wp-content\/uploads\/2025\/12\/staminale-vogel-1-300x230.png 300w, https:\/\/turistasorridente.it\/wp-content\/uploads\/2025\/12\/staminale-vogel-1-16x12.png 16w\" sizes=\"(max-width: 603px) 100vw, 603px\" \/>\t\t\t\t\t\t\t\t\t\t\t\t\t\t\t<\/div>\n\t\t\t\t<\/div>\n\t\t\t\t<\/div>\n\t\t\t\t<\/div>\n\t\t\t\t<div class=\"elementor-element elementor-element-0ff00cc elementor-widget elementor-widget-text-editor\" data-id=\"0ff00cc\" data-element_type=\"widget\" data-e-type=\"widget\" data-widget_type=\"text-editor.default\">\n\t\t\t\t<div class=\"elementor-widget-container\">\n\t\t\t\t\t\t\t\t\t<h3 data-start=\"1837\" data-end=\"1859\"><strong data-start=\"1843\" data-end=\"1859\">Das Verfahren<\/strong><\/h3><p data-start=\"1861\" data-end=\"1932\">Il trattamento viene eseguito in ambulatorio ed \u00e8 minimamente invasivo:<\/p><ul data-start=\"1934\" data-end=\"2142\"><li data-start=\"1934\" data-end=\"1976\"><p data-start=\"1936\" data-end=\"1976\">Individuelle trichologische Beurteilung<\/p><\/li><li data-start=\"1977\" data-end=\"2031\"><p data-start=\"1979\" data-end=\"2031\">Preparazione del protocollo pi\u00f9 adatto al paziente<\/p><\/li><li data-start=\"2032\" data-end=\"2142\"><p data-start=\"2034\" data-end=\"2142\">Anwendung der Behandlung direkt auf die Kopfhaut mittels Mikroinjektionen oder spezifischen Techniken<\/p><\/li><\/ul><p data-start=\"2144\" data-end=\"2211\" class=\"translation-block\">Der Eingriff wird <strong data-start=\"\u201e2159\u201c\" data-end=\"\u201e2176\u201c\">gut vertragen<\/strong> und erfordert keine Vollnarkose.<\/p><h3 data-start=\"2218\" data-end=\"2252\"><strong data-start=\"2232\" data-end=\"2252\">A chi \u00e8 indicata<\/strong><\/h3><p data-start=\"2254\" data-end=\"2302\">La terapia con cellule staminali \u00e8 indicata per:<\/p><ul data-start=\"2304\" data-end=\"2596\"><li data-start=\"2304\" data-end=\"2358\"><p data-start=\"2306\" data-end=\"2358\">M\u00e4nner und Frauen mit beginnendem oder m\u00e4\u00dfigem Haarausfall<\/p><\/li><li data-start=\"2359\" data-end=\"2404\"><p data-start=\"2361\" data-end=\"2404\">Androgenetische Alopezie im Fr\u00fchstadium<\/p><\/li><li data-start=\"2405\" data-end=\"2452\"><p data-start=\"2407\" data-end=\"2452\">Capelli deboli, sottili e privi di vitalit\u00e0<\/p><\/li><li data-start=\"2453\" data-end=\"2529\"><p data-start=\"2455\" data-end=\"2529\">Reaktiver Haarausfall aufgrund von Stress, Hormonst\u00f6rungen oder Umweltfaktoren<\/p><\/li><li data-start=\"2530\" data-end=\"2596\"><p data-start=\"2532\" data-end=\"2596\">Patienten, die das Fortschreiten des Haarausfalls verhindern m\u00f6chten<\/p><\/li><\/ul><p data-start=\"2598\" data-end=\"2687\" class=\"translation-block\">Es ist au\u00dferdem eine <strong data-start=\"\u201e2611\u201c\" data-end=\"\u201e2649\u201c\">ausgezeichnete unterst\u00fctzende Behandlung<\/strong> vor oder nach einer Haartransplantation.<\/p>\t\t\t\t\t\t\t\t<\/div>\n\t\t\t\t<\/div>\n\t\t\t\t<\/div>\n\t\t\t\t\t<\/div>\n\t\t\t\t<\/div>\n\t\t<div class=\"elementor-element elementor-element-8f0310c e-con-full e-flex e-con e-parent\" data-id=\"8f0310c\" data-element_type=\"container\" data-e-type=\"container\">\n\t\t<div class=\"elementor-element elementor-element-2a48354 e-con-full e-flex e-con e-child\" data-id=\"2a48354\" data-element_type=\"container\" data-e-type=\"container\">\n\t\t<div class=\"elementor-element elementor-element-f77752a e-con-full e-flex elementor-invisible e-con e-child\" data-id=\"f77752a\" data-element_type=\"container\" data-e-type=\"container\" data-settings=\"{&quot;background_background&quot;:&quot;classic&quot;,&quot;animation&quot;:&quot;fadeInLeft&quot;}\">\n\t\t\t\t<div class=\"elementor-element elementor-element-5ffe7b0 elementor-widget__width-initial elementor-widget elementor-widget-pt-heading\" data-id=\"5ffe7b0\" data-element_type=\"widget\" data-e-type=\"widget\" data-widget_type=\"pt-heading.default\">\n\t\t\t\t<div class=\"elementor-widget-container\">\n\t\t\t\t\t\n\t\t<div class=\"pt-heading text-align-left\">\n\t\t\t\t\t\t\t<p class=\"pt-heading-subtitle\">Turista Sorridente<\/p>\n\t\t\t\n\t\t\t\t\t\t\t<h3 class=\"pt-heading-title h3\">\n\t\t\t\t\tHair Transplant Clinic\t\t\t\t<\/h3>\n\t\t\t\t\t<\/div>\n\n\t\t\t\t\t\t<\/div>\n\t\t\t\t<\/div>\n\t\t\t\t<\/div>\n\t\t<div class=\"elementor-element elementor-element-51d899f e-con-full e-flex elementor-invisible e-con e-child\" data-id=\"51d899f\" data-element_type=\"container\" data-e-type=\"container\" data-settings=\"{&quot;background_background&quot;:&quot;classic&quot;,&quot;animation&quot;:&quot;fadeInRight&quot;}\">\n\t\t\t\t<div class=\"elementor-element elementor-element-4d2c5c8 elementor-position-inline-start elementor-widget__width-initial elementor-view-default elementor-mobile-position-block-start elementor-widget elementor-widget-icon-box\" data-id=\"4d2c5c8\" data-element_type=\"widget\" data-e-type=\"widget\" data-widget_type=\"icon-box.default\">\n\t\t\t\t<div class=\"elementor-widget-container\">\n\t\t\t\t\t\t\t<div class=\"elementor-icon-box-wrapper\">\n\n\t\t\t\t\t\t<div class=\"elementor-icon-box-icon\">\n\t\t\t\t<span  class=\"elementor-icon\">\n\t\t\t\t<i aria-hidden=\"true\" class=\"pticon pticon-alarm\"><\/i>\t\t\t\t<\/span>\n\t\t\t<\/div>\n\t\t\t\n\t\t\t\t\t\t<div class=\"elementor-icon-box-content\">\n\n\t\t\t\t\t\t\t\t\t<h3 class=\"elementor-icon-box-title\">\n\t\t\t\t\t\t<span  >\n\t\t\t\t\t\t\tBeginnen Sie mit einer kostenlosen Online-Beratung.\t\t\t\t\t\t<\/span>\n\t\t\t\t\t<\/h3>\n\t\t\t\t\n\t\t\t\t\t\t\t\t\t<p class=\"elementor-icon-box-description\">\n\t\t\t\t\t\t+355683682446\t\t\t\t\t<\/p>\n\t\t\t\t\n\t\t\t<\/div>\n\t\t\t\n\t\t<\/div>\n\t\t\t\t\t\t<\/div>\n\t\t\t\t<\/div>\n\t\t\t\t<\/div>\n\t\t\t\t<\/div>\n\t\t\t\t<\/div>\n\t\t\t\t<\/div>","protected":false},"excerpt":{"rendered":"<p>TERAPIA CON CELLULE STAMINALI PER I CAPELLI TERAPIA CON CELLULE STAMINALI PER I CAPELLI La terapia con cellule staminali rappresenta una delle soluzioni pi\u00f9&#8230;<\/p>","protected":false},"author":1,"featured_media":0,"parent":0,"menu_order":0,"comment_status":"closed","ping_status":"closed","template":"","meta":{"_acf_changed":false,"footnotes":""},"class_list":["post-4151","page","type-page","status-publish","hentry"],"acf":[],"_links":{"self":[{"href":"https:\/\/turistasorridente.it\/de\/wp-json\/wp\/v2\/pages\/4151","targetHints":{"allow":["GET"]}}],"collection":[{"href":"https:\/\/turistasorridente.it\/de\/wp-json\/wp\/v2\/pages"}],"about":[{"href":"https:\/\/turistasorridente.it\/de\/wp-json\/wp\/v2\/types\/page"}],"author":[{"embeddable":true,"href":"https:\/\/turistasorridente.it\/de\/wp-json\/wp\/v2\/users\/1"}],"replies":[{"embeddable":true,"href":"https:\/\/turistasorridente.it\/de\/wp-json\/wp\/v2\/comments?post=4151"}],"version-history":[{"count":10,"href":"https:\/\/turistasorridente.it\/de\/wp-json\/wp\/v2\/pages\/4151\/revisions"}],"predecessor-version":[{"id":4335,"href":"https:\/\/turistasorridente.it\/de\/wp-json\/wp\/v2\/pages\/4151\/revisions\/4335"}],"wp:attachment":[{"href":"https:\/\/turistasorridente.it\/de\/wp-json\/wp\/v2\/media?parent=4151"}],"curies":[{"name":"wp","href":"https:\/\/api.w.org\/{rel}","templated":true}]}}