{"id":4143,"date":"2025-12-12T17:27:49","date_gmt":"2025-12-12T17:27:49","guid":{"rendered":"https:\/\/turistasorridente.it\/?page_id=4143"},"modified":"2025-12-23T10:53:28","modified_gmt":"2025-12-23T10:53:28","slug":"prp-plasma-ricco-di-piastrine","status":"publish","type":"page","link":"https:\/\/turistasorridente.it\/de\/prp-plasma-ricco-di-piastrine\/","title":{"rendered":"PRP \u2013 PLASMA RICCO DI PIASTRINE"},"content":{"rendered":"<div data-elementor-type=\"wp-page\" data-elementor-id=\"4143\" class=\"elementor elementor-4143\" data-elementor-post-type=\"page\">\n\t\t\t\t<div class=\"elementor-element elementor-element-99eab28 e-con-full e-flex elementor-invisible e-con e-parent\" data-id=\"99eab28\" data-element_type=\"container\" data-e-type=\"container\" data-settings=\"{&quot;animation&quot;:&quot;fadeInUp&quot;}\">\n\t\t<div class=\"elementor-element elementor-element-f369197 e-flex e-con-boxed e-con e-child\" data-id=\"f369197\" data-element_type=\"container\" data-e-type=\"container\" data-settings=\"{&quot;background_background&quot;:&quot;classic&quot;}\">\n\t\t\t\t\t<div class=\"e-con-inner\">\n\t\t\t\t<div class=\"elementor-element elementor-element-1fa83ee elementor-widget__width-initial elementor-widget elementor-widget-pt-heading\" data-id=\"1fa83ee\" data-element_type=\"widget\" data-e-type=\"widget\" data-widget_type=\"pt-heading.default\">\n\t\t\t\t<div class=\"elementor-widget-container\">\n\t\t\t\t\t\n\t\t<div class=\"pt-heading text-align-center\">\n\t\t\t\n\t\t\t\t\t\t\t<h1 class=\"pt-heading-title h1\">\n\t\t\t\t\tPRP \u2013 PLASMA RICCO DI PIASTRINE\t\t\t\t<\/h1>\n\t\t\t\t\t<\/div>\n\n\t\t\t\t\t\t<\/div>\n\t\t\t\t<\/div>\n\t\t\t\t\t<\/div>\n\t\t\t\t<\/div>\n\t\t\t\t<\/div>\n\t\t<div class=\"elementor-element elementor-element-1234180 e-flex e-con-boxed e-con e-parent\" data-id=\"1234180\" data-element_type=\"container\" data-e-type=\"container\">\n\t\t\t\t\t<div class=\"e-con-inner\">\n\t\t<div class=\"elementor-element elementor-element-c0e83bb e-con-full e-flex elementor-invisible e-con e-child\" data-id=\"c0e83bb\" data-element_type=\"container\" data-e-type=\"container\" data-settings=\"{&quot;animation&quot;:&quot;fadeInRight&quot;}\">\n\t\t\t\t<div class=\"elementor-element elementor-element-c1b3762 elementor-widget elementor-widget-image\" data-id=\"c1b3762\" data-element_type=\"widget\" data-e-type=\"widget\" data-widget_type=\"image.default\">\n\t\t\t\t<div class=\"elementor-widget-container\">\n\t\t\t\t\t\t\t\t\t\t\t\t\t\t\t<img fetchpriority=\"high\" decoding=\"async\" width=\"1225\" height=\"721\" src=\"https:\/\/turistasorridente.it\/wp-content\/uploads\/2025\/12\/PRP-madhe.png\" class=\"attachment-full size-full wp-image-4207\" alt=\"\" srcset=\"https:\/\/turistasorridente.it\/wp-content\/uploads\/2025\/12\/PRP-madhe.png 1225w, https:\/\/turistasorridente.it\/wp-content\/uploads\/2025\/12\/PRP-madhe-300x177.png 300w, https:\/\/turistasorridente.it\/wp-content\/uploads\/2025\/12\/PRP-madhe-1024x603.png 1024w, https:\/\/turistasorridente.it\/wp-content\/uploads\/2025\/12\/PRP-madhe-768x452.png 768w, https:\/\/turistasorridente.it\/wp-content\/uploads\/2025\/12\/PRP-madhe-18x12.png 18w\" sizes=\"(max-width: 1225px) 100vw, 1225px\" \/>\t\t\t\t\t\t\t\t\t\t\t\t\t\t\t<\/div>\n\t\t\t\t<\/div>\n\t\t\t\t<div class=\"elementor-element elementor-element-e60d51c elementor-widget elementor-widget-pt-heading\" data-id=\"e60d51c\" data-element_type=\"widget\" data-e-type=\"widget\" data-widget_type=\"pt-heading.default\">\n\t\t\t\t<div class=\"elementor-widget-container\">\n\t\t\t\t\t\n\t\t<div class=\"pt-heading text-align-left\">\n\t\t\t\n\t\t\t\t\t\t\t<h3 class=\"pt-heading-title h3\">\n\t\t\t\t\tPRP \u2013 PLASMA RICCO DI PIASTRINE\t\t\t\t<\/h3>\n\t\t\t\t\t<\/div>\n\n\t\t\t\t\t\t<\/div>\n\t\t\t\t<\/div>\n\t\t\t\t<div class=\"elementor-element elementor-element-e24ebd8 elementor-widget elementor-widget-text-editor\" data-id=\"e24ebd8\" data-element_type=\"widget\" data-e-type=\"widget\" data-widget_type=\"text-editor.default\">\n\t\t\t\t<div class=\"elementor-widget-container\">\n\t\t\t\t\t\t\t\t\t<p data-start=\"227\" data-end=\"538\" class=\"translation-block\"><strong data-start=\"\u201e288\u201c\" data-end=\"\u201e323\u201c\">PRP (Pl\u00e4ttchenreiches Plasma)<\/strong> ist eine nat\u00fcrliche, nicht-chirurgische Regenerationsbehandlung, die erfolgreich gegen Haarausfall eingesetzt wird, das Nachwachsen der Haare stimuliert und die Qualit\u00e4t der Kopfhaut verbessert. <br data-start=\"\u201e511\u201c\" data-end=\"\u201e514\u201c\">Es basiert auf der Verwendung von <strong data-start=\"\u201e540\u201c\" data-end=\"\u201e559\u201c\">autologem Plasma<\/strong>, das direkt aus dem Blut des Patienten gewonnen wird, wodurch das Verfahren <strong data-start=\"\u201a630\u2018\" data-end=\"\u201e685\u201c\">sicher, biokompatibel und ohne Absto\u00dfungsrisiken<\/strong> macht.<\/p><h3 data-start=\"693\" data-end=\"731\"><strong data-start=\"699\" data-end=\"731\">Cos\u2019\u00e8 il PRP e come funziona<\/strong><\/h3><p data-start=\"733\" data-end=\"935\" class=\"translation-block\">PRP ist eine Konzentration von Blutpl\u00e4ttchen, die im Blutplasma enthalten sind. <br data-start=\"\u201e805\u201c\" data-end=\"\u201e808\u201c\">Blutpl\u00e4ttchen sind reich an <strong data-start=\"\u201a836\u2018\" data-end=\"\u201e859\u201c\">Wachstumsfaktoren<\/strong>, die f\u00fcr die Geweberegeneration und die Zellstimulation von grundlegender Bedeutung sind.<\/p><p data-start=\"937\" data-end=\"952\">Diese Faktoren:<\/p><ul data-start=\"953\" data-end=\"1161\"><li data-start=\"953\" data-end=\"996\"><p data-start=\"955\" data-end=\"996\">Sie stimulieren inaktive Haarfollikel.<\/p><\/li><li data-start=\"997\" data-end=\"1052\"><p data-start=\"999\" data-end=\"1052\">Verbessern die Mikrozirkulation der Kopfhaut<\/p><\/li><li data-start=\"1053\" data-end=\"1087\"><p data-start=\"1055\" data-end=\"1087\">St\u00e4rken das vorhandene Haar<\/p><\/li><li data-start=\"1088\" data-end=\"1112\"><p data-start=\"1090\" data-end=\"1112\">Sie verlangsamen den Fall<\/p><\/li><li data-start=\"1113\" data-end=\"1161\"><p data-start=\"1115\" data-end=\"1161\">Favoriscono una ricrescita pi\u00f9 sana e spessa<\/p><\/li><\/ul>\t\t\t\t\t\t\t\t<\/div>\n\t\t\t\t<\/div>\n\t\t<div class=\"elementor-element elementor-element-d5747ba e-con-full e-flex e-con e-child\" data-id=\"d5747ba\" data-element_type=\"container\" data-e-type=\"container\">\n\t\t<div class=\"elementor-element elementor-element-47d86ee e-con-full e-flex e-con e-child\" data-id=\"47d86ee\" data-element_type=\"container\" data-e-type=\"container\">\n\t\t\t\t<div class=\"elementor-element elementor-element-bfdcb65 elementor-widget elementor-widget-image\" data-id=\"bfdcb65\" data-element_type=\"widget\" data-e-type=\"widget\" data-widget_type=\"image.default\">\n\t\t\t\t<div class=\"elementor-widget-container\">\n\t\t\t\t\t\t\t\t\t\t\t\t\t\t\t<img decoding=\"async\" width=\"603\" height=\"462\" src=\"https:\/\/turistasorridente.it\/wp-content\/uploads\/2025\/12\/PRP-vogel.png\" class=\"attachment-full size-full wp-image-4206\" alt=\"\" srcset=\"https:\/\/turistasorridente.it\/wp-content\/uploads\/2025\/12\/PRP-vogel.png 603w, https:\/\/turistasorridente.it\/wp-content\/uploads\/2025\/12\/PRP-vogel-300x230.png 300w, https:\/\/turistasorridente.it\/wp-content\/uploads\/2025\/12\/PRP-vogel-16x12.png 16w\" sizes=\"(max-width: 603px) 100vw, 603px\" \/>\t\t\t\t\t\t\t\t\t\t\t\t\t\t\t<\/div>\n\t\t\t\t<\/div>\n\t\t\t\t<\/div>\n\t\t<div class=\"elementor-element elementor-element-99a54ec e-con-full e-flex e-con e-child\" data-id=\"99a54ec\" data-element_type=\"container\" data-e-type=\"container\">\n\t\t\t\t<div class=\"elementor-element elementor-element-69a8229 elementor-widget elementor-widget-image\" data-id=\"69a8229\" data-element_type=\"widget\" data-e-type=\"widget\" data-widget_type=\"image.default\">\n\t\t\t\t<div class=\"elementor-widget-container\">\n\t\t\t\t\t\t\t\t\t\t\t\t\t\t\t<img decoding=\"async\" width=\"603\" height=\"462\" src=\"https:\/\/turistasorridente.it\/wp-content\/uploads\/2025\/12\/PRP-vogel-2.png\" class=\"attachment-full size-full wp-image-4205\" alt=\"\" srcset=\"https:\/\/turistasorridente.it\/wp-content\/uploads\/2025\/12\/PRP-vogel-2.png 603w, https:\/\/turistasorridente.it\/wp-content\/uploads\/2025\/12\/PRP-vogel-2-300x230.png 300w, https:\/\/turistasorridente.it\/wp-content\/uploads\/2025\/12\/PRP-vogel-2-16x12.png 16w\" sizes=\"(max-width: 603px) 100vw, 603px\" \/>\t\t\t\t\t\t\t\t\t\t\t\t\t\t\t<\/div>\n\t\t\t\t<\/div>\n\t\t\t\t<\/div>\n\t\t\t\t<\/div>\n\t\t\t\t<div class=\"elementor-element elementor-element-5d55635 elementor-widget elementor-widget-text-editor\" data-id=\"5d55635\" data-element_type=\"widget\" data-e-type=\"widget\" data-widget_type=\"text-editor.default\">\n\t\t\t\t<div class=\"elementor-widget-container\">\n\t\t\t\t\t\t\t\t\t<h3 data-start=\"779\" data-end=\"818\">Das PRP-Verfahren Schritt f\u00fcr Schritt<\/h3><p data-start=\"1213\" data-end=\"1288\">Die Behandlung wird ambulant durchgef\u00fchrt und folgt einem genauen Protokoll:<\/p><ol data-start=\"1290\" data-end=\"1780\"><li data-start=\"1290\" data-end=\"1381\"><p data-start=\"1293\" data-end=\"1381\"><strong data-start=\"1293\" data-end=\"1315\">Blutentnahme<\/strong><br data-start=\"1315\" data-end=\"1318\" \/>Viene prelevata una piccola quantit\u00e0 di sangue dal paziente.<\/p><\/li><li data-start=\"1383\" data-end=\"1505\"><p data-start=\"1386\" data-end=\"1505\"><strong data-start=\"1386\" data-end=\"1405\">Zentrifugation<\/strong><br data-start=\"1405\" data-end=\"1408\" \/>Das Blut wird zentrifugiert, um das pl\u00e4ttchenreiche Plasma von den anderen Bestandteilen zu trennen.<\/p><\/li><li data-start=\"1507\" data-end=\"1617\"><p data-start=\"1510\" data-end=\"1617\"><strong data-start=\"1510\" data-end=\"1534\">Vorbereitung des PRP<\/strong><br data-start=\"1534\" data-end=\"1537\" \/>Si ottiene un concentrato ad alta densit\u00e0 di piastrine e fattori di crescita.<\/p><\/li><li data-start=\"1619\" data-end=\"1780\"><p data-start=\"1622\" data-end=\"1780\"><strong data-start=\"1622\" data-end=\"1659\">Infiltration in die Kopfhaut<\/strong><br data-start=\"1659\" data-end=\"1662\" \/>Das PRP wird mittels Mikroinjektionen in die betroffenen Bereiche injiziert und stimuliert so direkt die Haarfollikel.<\/p><\/li><\/ol><p data-start=\"1782\" data-end=\"1844\" class=\"translation-block\">Das gesamte Verfahren ist <strong data-start=\"\u201e1803\u201c\" data-end=\"\u201e1827\u201c\">minimal invasiv<\/strong> und gut vertr\u00e4glich.<\/p>\t\t\t\t\t\t\t\t<\/div>\n\t\t\t\t<\/div>\n\t\t\t\t<div class=\"elementor-element elementor-element-56078e8 elementor-widget elementor-widget-text-editor\" data-id=\"56078e8\" data-element_type=\"widget\" data-e-type=\"widget\" data-widget_type=\"text-editor.default\">\n\t\t\t\t<div class=\"elementor-widget-container\">\n\t\t\t\t\t\t\t\t\t<h3 data-start=\"1851\" data-end=\"1892\"><strong data-start=\"1865\" data-end=\"1892\">A chi \u00e8 indicato il PRP<\/strong><\/h3><p data-start=\"1894\" data-end=\"1962\" class=\"translation-block\">Die PRP-Behandlung ist f\u00fcr <strong data-start=\"\u201e1928\u201c\" data-end=\"\u201e1946\u201c\">M\u00e4nner und Frauen<\/strong> geeignet, die folgende Probleme haben:<\/p><ul data-start=\"1964\" data-end=\"2190\"><li data-start=\"1964\" data-end=\"2006\"><p data-start=\"1966\" data-end=\"2006\">Anf\u00e4nglicher oder m\u00e4\u00dfiger Haarausfall<\/p><\/li><li data-start=\"2007\" data-end=\"2030\"><p data-start=\"2009\" data-end=\"2030\">Diffuse Ausd\u00fcnnung<\/p><\/li><li data-start=\"2031\" data-end=\"2068\"><p data-start=\"2033\" data-end=\"2068\">Schwaches, d\u00fcnnes und br\u00fcchiges Haar<\/p><\/li><li data-start=\"2069\" data-end=\"2111\"><p data-start=\"2071\" data-end=\"2111\">Androgenetische Alopezie (Anfangsstadien)<\/p><\/li><li data-start=\"2112\" data-end=\"2190\"><p data-start=\"2114\" data-end=\"2190\">Perdita di densit\u00e0 dopo periodi di stress, gravidanza o squilibri ormonali<\/p><\/li><\/ul><p data-start=\"2192\" data-end=\"2325\" class=\"translation-block\">Es ist au\u00dferdem eine <strong data-start=\"\u201e2205\u201c\" data-end=\"\u201e2239\u201c\">ausgezeichnete unterst\u00fctzende Behandlung<\/strong> vor oder nach einer Haartransplantation, um die Qualit\u00e4t des Endergebnisses zu verbessern.<\/p>\t\t\t\t\t\t\t\t<\/div>\n\t\t\t\t<\/div>\n\t\t\t\t<\/div>\n\t\t\t\t\t<\/div>\n\t\t\t\t<\/div>\n\t\t<div class=\"elementor-element elementor-element-9bb4f06 e-con-full e-flex e-con e-parent\" data-id=\"9bb4f06\" data-element_type=\"container\" data-e-type=\"container\">\n\t\t<div class=\"elementor-element elementor-element-1b0a799 e-con-full e-flex e-con e-child\" data-id=\"1b0a799\" data-element_type=\"container\" data-e-type=\"container\">\n\t\t<div class=\"elementor-element elementor-element-1d99173 e-con-full e-flex elementor-invisible e-con e-child\" data-id=\"1d99173\" data-element_type=\"container\" data-e-type=\"container\" data-settings=\"{&quot;background_background&quot;:&quot;classic&quot;,&quot;animation&quot;:&quot;fadeInLeft&quot;}\">\n\t\t\t\t<div class=\"elementor-element elementor-element-66d61cc elementor-widget__width-initial elementor-widget elementor-widget-pt-heading\" data-id=\"66d61cc\" data-element_type=\"widget\" data-e-type=\"widget\" data-widget_type=\"pt-heading.default\">\n\t\t\t\t<div class=\"elementor-widget-container\">\n\t\t\t\t\t\n\t\t<div class=\"pt-heading text-align-left\">\n\t\t\t\t\t\t\t<p class=\"pt-heading-subtitle\">Turista Sorridente<\/p>\n\t\t\t\n\t\t\t\t\t\t\t<h3 class=\"pt-heading-title h3\">\n\t\t\t\t\tHair Transplant Clinic\t\t\t\t<\/h3>\n\t\t\t\t\t<\/div>\n\n\t\t\t\t\t\t<\/div>\n\t\t\t\t<\/div>\n\t\t\t\t<\/div>\n\t\t<div class=\"elementor-element elementor-element-d6450b5 e-con-full e-flex elementor-invisible e-con e-child\" data-id=\"d6450b5\" data-element_type=\"container\" data-e-type=\"container\" data-settings=\"{&quot;background_background&quot;:&quot;classic&quot;,&quot;animation&quot;:&quot;fadeInRight&quot;}\">\n\t\t\t\t<div class=\"elementor-element elementor-element-3bba5b1 elementor-position-inline-start elementor-widget__width-initial elementor-view-default elementor-mobile-position-block-start elementor-widget elementor-widget-icon-box\" data-id=\"3bba5b1\" data-element_type=\"widget\" data-e-type=\"widget\" data-widget_type=\"icon-box.default\">\n\t\t\t\t<div class=\"elementor-widget-container\">\n\t\t\t\t\t\t\t<div class=\"elementor-icon-box-wrapper\">\n\n\t\t\t\t\t\t<div class=\"elementor-icon-box-icon\">\n\t\t\t\t<span  class=\"elementor-icon\">\n\t\t\t\t<i aria-hidden=\"true\" class=\"pticon pticon-alarm\"><\/i>\t\t\t\t<\/span>\n\t\t\t<\/div>\n\t\t\t\n\t\t\t\t\t\t<div class=\"elementor-icon-box-content\">\n\n\t\t\t\t\t\t\t\t\t<h3 class=\"elementor-icon-box-title\">\n\t\t\t\t\t\t<span  >\n\t\t\t\t\t\t\tBeginnen Sie mit einer kostenlosen Online-Beratung.\t\t\t\t\t\t<\/span>\n\t\t\t\t\t<\/h3>\n\t\t\t\t\n\t\t\t\t\t\t\t\t\t<p class=\"elementor-icon-box-description\">\n\t\t\t\t\t\t+355683682446\t\t\t\t\t<\/p>\n\t\t\t\t\n\t\t\t<\/div>\n\t\t\t\n\t\t<\/div>\n\t\t\t\t\t\t<\/div>\n\t\t\t\t<\/div>\n\t\t\t\t<\/div>\n\t\t\t\t<\/div>\n\t\t\t\t<\/div>\n\t\t\t\t<\/div>","protected":false},"excerpt":{"rendered":"<p>PRP \u2013 PLASMA RICCO DI PIASTRINE PRP \u2013 PLASMA RICCO DI PIASTRINE Il PRP (Plasma Ricco di Piastrine) \u00e8 un trattamento rigenerativo naturale, non&#8230;<\/p>","protected":false},"author":1,"featured_media":0,"parent":0,"menu_order":0,"comment_status":"closed","ping_status":"closed","template":"","meta":{"_acf_changed":false,"footnotes":""},"class_list":["post-4143","page","type-page","status-publish","hentry"],"acf":[],"_links":{"self":[{"href":"https:\/\/turistasorridente.it\/de\/wp-json\/wp\/v2\/pages\/4143","targetHints":{"allow":["GET"]}}],"collection":[{"href":"https:\/\/turistasorridente.it\/de\/wp-json\/wp\/v2\/pages"}],"about":[{"href":"https:\/\/turistasorridente.it\/de\/wp-json\/wp\/v2\/types\/page"}],"author":[{"embeddable":true,"href":"https:\/\/turistasorridente.it\/de\/wp-json\/wp\/v2\/users\/1"}],"replies":[{"embeddable":true,"href":"https:\/\/turistasorridente.it\/de\/wp-json\/wp\/v2\/comments?post=4143"}],"version-history":[{"count":10,"href":"https:\/\/turistasorridente.it\/de\/wp-json\/wp\/v2\/pages\/4143\/revisions"}],"predecessor-version":[{"id":4332,"href":"https:\/\/turistasorridente.it\/de\/wp-json\/wp\/v2\/pages\/4143\/revisions\/4332"}],"wp:attachment":[{"href":"https:\/\/turistasorridente.it\/de\/wp-json\/wp\/v2\/media?parent=4143"}],"curies":[{"name":"wp","href":"https:\/\/api.w.org\/{rel}","templated":true}]}}