{"id":4134,"date":"2025-12-12T17:20:53","date_gmt":"2025-12-12T17:20:53","guid":{"rendered":"https:\/\/turistasorridente.it\/?page_id=4134"},"modified":"2025-12-23T10:52:54","modified_gmt":"2025-12-23T10:52:54","slug":"trapianto-sopracciglia","status":"publish","type":"page","link":"https:\/\/turistasorridente.it\/de\/trapianto-sopracciglia\/","title":{"rendered":"Trapianto sopracciglia"},"content":{"rendered":"<div data-elementor-type=\"wp-page\" data-elementor-id=\"4134\" class=\"elementor elementor-4134\" data-elementor-post-type=\"page\">\n\t\t\t\t<div class=\"elementor-element elementor-element-0b65c00 e-con-full e-flex elementor-invisible e-con e-parent\" data-id=\"0b65c00\" data-element_type=\"container\" data-e-type=\"container\" data-settings=\"{&quot;animation&quot;:&quot;fadeInUp&quot;}\">\n\t\t<div class=\"elementor-element elementor-element-a2274ac e-flex e-con-boxed e-con e-child\" data-id=\"a2274ac\" data-element_type=\"container\" data-e-type=\"container\" data-settings=\"{&quot;background_background&quot;:&quot;classic&quot;}\">\n\t\t\t\t\t<div class=\"e-con-inner\">\n\t\t\t\t<div class=\"elementor-element elementor-element-5df323e elementor-widget__width-initial elementor-widget elementor-widget-pt-heading\" data-id=\"5df323e\" data-element_type=\"widget\" data-e-type=\"widget\" data-widget_type=\"pt-heading.default\">\n\t\t\t\t<div class=\"elementor-widget-container\">\n\t\t\t\t\t\n\t\t<div class=\"pt-heading text-align-center\">\n\t\t\t\n\t\t\t\t\t\t\t<h1 class=\"pt-heading-title h1\">\n\t\t\t\t\tAUGENBRAUENTRANSPLANTATION\t\t\t\t<\/h1>\n\t\t\t\t\t<\/div>\n\n\t\t\t\t\t\t<\/div>\n\t\t\t\t<\/div>\n\t\t\t\t\t<\/div>\n\t\t\t\t<\/div>\n\t\t\t\t<\/div>\n\t\t<div class=\"elementor-element elementor-element-526cee8 e-flex e-con-boxed e-con e-parent\" data-id=\"526cee8\" data-element_type=\"container\" data-e-type=\"container\">\n\t\t\t\t\t<div class=\"e-con-inner\">\n\t\t<div class=\"elementor-element elementor-element-792008c e-con-full e-flex elementor-invisible e-con e-child\" data-id=\"792008c\" data-element_type=\"container\" data-e-type=\"container\" data-settings=\"{&quot;animation&quot;:&quot;fadeInRight&quot;}\">\n\t\t\t\t<div class=\"elementor-element elementor-element-1b18226 elementor-widget elementor-widget-image\" data-id=\"1b18226\" data-element_type=\"widget\" data-e-type=\"widget\" data-widget_type=\"image.default\">\n\t\t\t\t<div class=\"elementor-widget-container\">\n\t\t\t\t\t\t\t\t\t\t\t\t\t\t\t<img fetchpriority=\"high\" decoding=\"async\" width=\"1225\" height=\"721\" src=\"https:\/\/turistasorridente.it\/wp-content\/uploads\/2025\/12\/vetulla-madhe.png\" class=\"attachment-full size-full wp-image-4196\" alt=\"\" srcset=\"https:\/\/turistasorridente.it\/wp-content\/uploads\/2025\/12\/vetulla-madhe.png 1225w, https:\/\/turistasorridente.it\/wp-content\/uploads\/2025\/12\/vetulla-madhe-300x177.png 300w, https:\/\/turistasorridente.it\/wp-content\/uploads\/2025\/12\/vetulla-madhe-1024x603.png 1024w, https:\/\/turistasorridente.it\/wp-content\/uploads\/2025\/12\/vetulla-madhe-768x452.png 768w, https:\/\/turistasorridente.it\/wp-content\/uploads\/2025\/12\/vetulla-madhe-18x12.png 18w\" sizes=\"(max-width: 1225px) 100vw, 1225px\" \/>\t\t\t\t\t\t\t\t\t\t\t\t\t\t\t<\/div>\n\t\t\t\t<\/div>\n\t\t\t\t<div class=\"elementor-element elementor-element-cfd6f55 elementor-widget elementor-widget-pt-heading\" data-id=\"cfd6f55\" data-element_type=\"widget\" data-e-type=\"widget\" data-widget_type=\"pt-heading.default\">\n\t\t\t\t<div class=\"elementor-widget-container\">\n\t\t\t\t\t\n\t\t<div class=\"pt-heading text-align-left\">\n\t\t\t\n\t\t\t\t\t\t\t<h3 class=\"pt-heading-title h3\">\n\t\t\t\t\tAUGENBRAUENTRANSPLANTATION\t\t\t\t<\/h3>\n\t\t\t\t\t<\/div>\n\n\t\t\t\t\t\t<\/div>\n\t\t\t\t<\/div>\n\t\t\t\t<div class=\"elementor-element elementor-element-733e874 elementor-widget elementor-widget-text-editor\" data-id=\"733e874\" data-element_type=\"widget\" data-e-type=\"widget\" data-widget_type=\"text-editor.default\">\n\t\t\t\t<div class=\"elementor-widget-container\">\n\t\t\t\t\t\t\t\t\t<p data-start=\"227\" data-end=\"538\" class=\"translation-block\">Die <strong data-start=\"\u201e230\u201c\" data-end=\"\u201e259\u201c\">Augenbrauentransplantation<\/strong> ist eine fortschrittliche \u00e4sthetische Behandlung f\u00fcr alle, die sich dichtere, symmetrische und nat\u00fcrlich aussehende Augenbrauen w\u00fcnschen. Bei <strong data-start=\"\u201e388\u201c\" data-end=\"\u201e415\u201c\">Turista Sorridente Hair<\/strong> wird jeder Eingriff individuell geplant, unter vollst\u00e4ndiger Ber\u00fccksichtigung der Harmonie des Gesichts und der individuellen Merkmale.<\/p><p data-start=\"540\" data-end=\"581\">Questo trattamento \u00e8 indicato in caso di:<\/p><ul data-start=\"582\" data-end=\"772\"><li data-start=\"582\" data-end=\"620\"><p data-start=\"584\" data-end=\"620\">D\u00fcnne oder unvollst\u00e4ndige Augenbrauen<\/p><\/li><li data-start=\"621\" data-end=\"671\"><p data-start=\"623\" data-end=\"671\">Haarausfall aufgrund \u00fcberm\u00e4\u00dfiger Haarentfernung<\/p><\/li><li data-start=\"672\" data-end=\"694\"><p data-start=\"674\" data-end=\"694\">Narben oder Traumata<\/p><\/li><li data-start=\"695\" data-end=\"718\"><p data-start=\"697\" data-end=\"718\">Offensichtliche Asymmetrien<\/p><\/li><li data-start=\"719\" data-end=\"772\"><p data-start=\"721\" data-end=\"772\">Nat\u00fcrlich d\u00fcnne oder wenig ausgepr\u00e4gte Augenbrauen<\/p><\/li><\/ul>\t\t\t\t\t\t\t\t<\/div>\n\t\t\t\t<\/div>\n\t\t<div class=\"elementor-element elementor-element-0c2eb76 e-con-full e-flex e-con e-child\" data-id=\"0c2eb76\" data-element_type=\"container\" data-e-type=\"container\">\n\t\t<div class=\"elementor-element elementor-element-e934d12 e-con-full e-flex e-con e-child\" data-id=\"e934d12\" data-element_type=\"container\" data-e-type=\"container\">\n\t\t\t\t<div class=\"elementor-element elementor-element-10c7f5e elementor-widget elementor-widget-image\" data-id=\"10c7f5e\" data-element_type=\"widget\" data-e-type=\"widget\" data-widget_type=\"image.default\">\n\t\t\t\t<div class=\"elementor-widget-container\">\n\t\t\t\t\t\t\t\t\t\t\t\t\t\t\t<img decoding=\"async\" width=\"603\" height=\"462\" src=\"https:\/\/turistasorridente.it\/wp-content\/uploads\/2025\/12\/vetulla-vogel.png\" class=\"attachment-full size-full wp-image-4195\" alt=\"\" srcset=\"https:\/\/turistasorridente.it\/wp-content\/uploads\/2025\/12\/vetulla-vogel.png 603w, https:\/\/turistasorridente.it\/wp-content\/uploads\/2025\/12\/vetulla-vogel-300x230.png 300w, https:\/\/turistasorridente.it\/wp-content\/uploads\/2025\/12\/vetulla-vogel-16x12.png 16w\" sizes=\"(max-width: 603px) 100vw, 603px\" \/>\t\t\t\t\t\t\t\t\t\t\t\t\t\t\t<\/div>\n\t\t\t\t<\/div>\n\t\t\t\t<\/div>\n\t\t<div class=\"elementor-element elementor-element-3b84978 e-con-full e-flex e-con e-child\" data-id=\"3b84978\" data-element_type=\"container\" data-e-type=\"container\">\n\t\t\t\t<div class=\"elementor-element elementor-element-e505fb9 elementor-widget elementor-widget-image\" data-id=\"e505fb9\" data-element_type=\"widget\" data-e-type=\"widget\" data-widget_type=\"image.default\">\n\t\t\t\t<div class=\"elementor-widget-container\">\n\t\t\t\t\t\t\t\t\t\t\t\t\t\t\t<img decoding=\"async\" width=\"603\" height=\"462\" src=\"https:\/\/turistasorridente.it\/wp-content\/uploads\/2025\/12\/vetulla-vogel-2.png\" class=\"attachment-full size-full wp-image-4197\" alt=\"\" srcset=\"https:\/\/turistasorridente.it\/wp-content\/uploads\/2025\/12\/vetulla-vogel-2.png 603w, https:\/\/turistasorridente.it\/wp-content\/uploads\/2025\/12\/vetulla-vogel-2-300x230.png 300w, https:\/\/turistasorridente.it\/wp-content\/uploads\/2025\/12\/vetulla-vogel-2-16x12.png 16w\" sizes=\"(max-width: 603px) 100vw, 603px\" \/>\t\t\t\t\t\t\t\t\t\t\t\t\t\t\t<\/div>\n\t\t\t\t<\/div>\n\t\t\t\t<\/div>\n\t\t\t\t<\/div>\n\t\t\t\t<div class=\"elementor-element elementor-element-12d0279 elementor-widget elementor-widget-text-editor\" data-id=\"12d0279\" data-element_type=\"widget\" data-e-type=\"widget\" data-widget_type=\"text-editor.default\">\n\t\t\t\t<div class=\"elementor-widget-container\">\n\t\t\t\t\t\t\t\t\t<h3 data-start=\"779\" data-end=\"818\"><strong data-start=\"786\" data-end=\"818\">Individuelle Planung<\/strong><\/h3><p data-start=\"820\" data-end=\"960\" class=\"translation-block\">Vor dem Eingriff wird eine <strong data-start=\"\u201e863\u201c\" data-end=\"\u201e887\u201c\">sorgf\u00e4ltige Beurteilung<\/strong> und die <strong data-start=\"\u201a893\u2018\" data-end=\"\u201e941\u201c\">Entwurf der neuen Augenbrauenform<\/strong> vorgenommen, die auf der Grundlage folgender Faktoren erstellt wird:<\/p><ul data-start=\"961\" data-end=\"1067\"><li data-start=\"961\" data-end=\"988\"><p data-start=\"963\" data-end=\"988\">Zur Gesichtsstruktur<\/p><\/li><li data-start=\"989\" data-end=\"1024\"><p data-start=\"991\" data-end=\"1024\">Alla forma naturale dell\u2019occhio<\/p><\/li><li data-start=\"1025\" data-end=\"1067\"><p data-start=\"1027\" data-end=\"1067\">Den \u00e4sthetischen Vorlieben des Patienten<\/p><\/li><\/ul><p data-start=\"1069\" data-end=\"1163\">L\u2019obiettivo \u00e8 ottenere un risultato elegante, naturale e in perfetta armonia con i lineamenti.<\/p><h3 data-start=\"1170\" data-end=\"1192\"><strong data-start=\"1176\" data-end=\"1192\">Das Verfahren<\/strong><\/h3><p data-start=\"1194\" data-end=\"1252\">L\u2019intervento viene eseguito in modo sicuro e confortevole:<\/p><ul data-start=\"1254\" data-end=\"1503\"><li data-start=\"1254\" data-end=\"1311\"><p data-start=\"1256\" data-end=\"1311\" class=\"translation-block\"><strong data-start=\"\u201e1256\u201c\" data-end=\"\u201e1276\u201c\">Lokalan\u00e4sthesie<\/strong> f\u00fcr maximalen Komfort<\/p><\/li><li data-start=\"1312\" data-end=\"1385\"><p data-start=\"1314\" data-end=\"1385\" class=\"translation-block\"><strong data-start=\"\u201e1314\u201c\" data-end=\"\u201e1349\u201c\">Entnahme der Haarfollikel<\/strong> aus einem ausgew\u00e4hlten Spenderbereich<\/p><\/li><li data-start=\"1386\" data-end=\"1503\"><p data-start=\"1388\" data-end=\"1503\" class=\"translation-block\"><strong data-start=\"\u201e1388\u201c\" data-end=\"\u201e1423\u201c\">Sorgf\u00e4ltige Implantation der Follikel<\/strong> in die Augenbrauen unter Ber\u00fccksichtigung der nat\u00fcrlichen Richtung, des Winkels und der Dichte der Haare<\/p><\/li><\/ul><p data-start=\"1505\" data-end=\"1600\">Jeder Follikel wird mit \u00e4u\u00dferster Pr\u00e4zision positioniert, um ein realistisches Ergebnis zu gew\u00e4hrleisten.<\/p><h3 data-start=\"1607\" data-end=\"1646\"><strong data-start=\"1613\" data-end=\"1646\">Nat\u00fcrliches und langanhaltendes Ergebnis<\/strong><\/h3><p data-start=\"1648\" data-end=\"1845\" class=\"translation-block\">Das Endergebnis sind <strong data-start=\"\u201e1684\u201c\" data-end=\"\u201e1731\u201c\">volle, gut definierte und nat\u00fcrliche Augenbrauen<\/strong>.<br data-start=\"\u201a1732\u2018\" data-end=\"\u201e1735\u201c\">Die transplantierten Haare wachsen dauerhaft und k\u00f6nnen wie nat\u00fcrliche Augenbrauen gestylt und gepflegt werden.<\/p>\t\t\t\t\t\t\t\t<\/div>\n\t\t\t\t<\/div>\n\t\t\t\t<\/div>\n\t\t\t\t\t<\/div>\n\t\t\t\t<\/div>\n\t\t<div class=\"elementor-element elementor-element-d76a17c e-con-full e-flex e-con e-parent\" data-id=\"d76a17c\" data-element_type=\"container\" data-e-type=\"container\">\n\t\t<div class=\"elementor-element elementor-element-7179561 e-con-full e-flex e-con e-child\" data-id=\"7179561\" data-element_type=\"container\" data-e-type=\"container\">\n\t\t<div class=\"elementor-element elementor-element-78b2bbb e-con-full e-flex elementor-invisible e-con e-child\" data-id=\"78b2bbb\" data-element_type=\"container\" data-e-type=\"container\" data-settings=\"{&quot;background_background&quot;:&quot;classic&quot;,&quot;animation&quot;:&quot;fadeInLeft&quot;}\">\n\t\t\t\t<div class=\"elementor-element elementor-element-116aba3 elementor-widget__width-initial elementor-widget elementor-widget-pt-heading\" data-id=\"116aba3\" data-element_type=\"widget\" data-e-type=\"widget\" data-widget_type=\"pt-heading.default\">\n\t\t\t\t<div class=\"elementor-widget-container\">\n\t\t\t\t\t\n\t\t<div class=\"pt-heading text-align-left\">\n\t\t\t\t\t\t\t<p class=\"pt-heading-subtitle\">Turista Sorridente<\/p>\n\t\t\t\n\t\t\t\t\t\t\t<h3 class=\"pt-heading-title h3\">\n\t\t\t\t\tHair Transplant Clinic\t\t\t\t<\/h3>\n\t\t\t\t\t<\/div>\n\n\t\t\t\t\t\t<\/div>\n\t\t\t\t<\/div>\n\t\t\t\t<\/div>\n\t\t<div class=\"elementor-element elementor-element-f89a812 e-con-full e-flex elementor-invisible e-con e-child\" data-id=\"f89a812\" data-element_type=\"container\" data-e-type=\"container\" data-settings=\"{&quot;background_background&quot;:&quot;classic&quot;,&quot;animation&quot;:&quot;fadeInRight&quot;}\">\n\t\t\t\t<div class=\"elementor-element elementor-element-3bac4da elementor-position-inline-start elementor-widget__width-initial elementor-view-default elementor-mobile-position-block-start elementor-widget elementor-widget-icon-box\" data-id=\"3bac4da\" data-element_type=\"widget\" data-e-type=\"widget\" data-widget_type=\"icon-box.default\">\n\t\t\t\t<div class=\"elementor-widget-container\">\n\t\t\t\t\t\t\t<div class=\"elementor-icon-box-wrapper\">\n\n\t\t\t\t\t\t<div class=\"elementor-icon-box-icon\">\n\t\t\t\t<span  class=\"elementor-icon\">\n\t\t\t\t<i aria-hidden=\"true\" class=\"pticon pticon-alarm\"><\/i>\t\t\t\t<\/span>\n\t\t\t<\/div>\n\t\t\t\n\t\t\t\t\t\t<div class=\"elementor-icon-box-content\">\n\n\t\t\t\t\t\t\t\t\t<h3 class=\"elementor-icon-box-title\">\n\t\t\t\t\t\t<span  >\n\t\t\t\t\t\t\tBeginnen Sie mit einer kostenlosen Online-Beratung.\t\t\t\t\t\t<\/span>\n\t\t\t\t\t<\/h3>\n\t\t\t\t\n\t\t\t\t\t\t\t\t\t<p class=\"elementor-icon-box-description\">\n\t\t\t\t\t\t+355683682446\t\t\t\t\t<\/p>\n\t\t\t\t\n\t\t\t<\/div>\n\t\t\t\n\t\t<\/div>\n\t\t\t\t\t\t<\/div>\n\t\t\t\t<\/div>\n\t\t\t\t<\/div>\n\t\t\t\t<\/div>\n\t\t\t\t<\/div>\n\t\t\t\t<\/div>","protected":false},"excerpt":{"rendered":"<p>TRAPIANTO DI SOPRACCIGLIA TRAPIANTO DI SOPRACCIGLIA Il trapianto di sopracciglia \u00e8 un trattamento estetico avanzato pensato per chi desidera sopracciglia pi\u00f9 folte, simmetriche e&#8230;<\/p>","protected":false},"author":1,"featured_media":0,"parent":0,"menu_order":0,"comment_status":"closed","ping_status":"closed","template":"","meta":{"_acf_changed":false,"footnotes":""},"class_list":["post-4134","page","type-page","status-publish","hentry"],"acf":[],"_links":{"self":[{"href":"https:\/\/turistasorridente.it\/de\/wp-json\/wp\/v2\/pages\/4134","targetHints":{"allow":["GET"]}}],"collection":[{"href":"https:\/\/turistasorridente.it\/de\/wp-json\/wp\/v2\/pages"}],"about":[{"href":"https:\/\/turistasorridente.it\/de\/wp-json\/wp\/v2\/types\/page"}],"author":[{"embeddable":true,"href":"https:\/\/turistasorridente.it\/de\/wp-json\/wp\/v2\/users\/1"}],"replies":[{"embeddable":true,"href":"https:\/\/turistasorridente.it\/de\/wp-json\/wp\/v2\/comments?post=4134"}],"version-history":[{"count":10,"href":"https:\/\/turistasorridente.it\/de\/wp-json\/wp\/v2\/pages\/4134\/revisions"}],"predecessor-version":[{"id":4329,"href":"https:\/\/turistasorridente.it\/de\/wp-json\/wp\/v2\/pages\/4134\/revisions\/4329"}],"wp:attachment":[{"href":"https:\/\/turistasorridente.it\/de\/wp-json\/wp\/v2\/media?parent=4134"}],"curies":[{"name":"wp","href":"https:\/\/api.w.org\/{rel}","templated":true}]}}